{"id":187,"date":"2021-01-21T15:41:21","date_gmt":"2021-01-21T08:41:21","guid":{"rendered":"https:\/\/shthemes.net\/demosd\/indusza\/?page_id=187"},"modified":"2026-03-26T08:58:59","modified_gmt":"2026-03-26T08:58:59","slug":"contact-us","status":"publish","type":"page","link":"https:\/\/dhb-electric.com\/fr\/contact-us\/","title":{"rendered":"Contact"},"content":{"rendered":"<div data-elementor-type=\"wp-page\" data-elementor-id=\"187\" class=\"elementor elementor-187\">\n\t\t\t\t\t\t<section class=\"elementor-section elementor-top-section elementor-element elementor-element-fd41387 elementor-section-full_width elementor-section-height-default elementor-section-height-default\" data-id=\"fd41387\" data-element_type=\"section\" data-e-type=\"section\">\n\t\t\t\t\t\t<div class=\"elementor-container elementor-column-gap-no\">\n\t\t\t\t\t<div class=\"elementor-column elementor-col-100 elementor-top-column elementor-element elementor-element-401f30e\" data-id=\"401f30e\" data-element_type=\"column\" data-e-type=\"column\">\n\t\t\t<div class=\"elementor-widget-wrap elementor-element-populated\">\n\t\t\t\t\t\t<div class=\"elementor-element elementor-element-ae22562 elementor-align-left elementor-widget elementor-widget-page-header\" data-id=\"ae22562\" data-element_type=\"widget\" data-e-type=\"widget\" data-widget_type=\"page-header.default\">\n\t\t\t\t<div class=\"elementor-widget-container\">\n\t\t\t\t\t\r\n\t\t\t\t<div class=\"wt-bnr-inr overlay-wraper bg-center\" style=\"background-image:url(https:\/\/shthemes.net\/demosd\/indusza\/wp-content\/uploads\/2021\/04\/1.jpg);\">\r\n\t\t\t\t\t<div class=\"overlay-main site-bg-black opacity-06\"><\/div>\r\n\t\t\t<div class=\"container\">\r\n\t\t\t\t<div class=\"wt-bnr-inr-entry\">\r\n\t\t\t\t\t\t\t\t\t\t<div class=\"banner-title-outer\">\r\n\t\t\t\t\t\t<div class=\"banner-title-name\">\r\n\t\t\t\t\t\t\t<h2 class=\"wt-title\">Contactez-nous<\/h2>\r\n\t\t\t\t\t\t<\/div>\r\n\t\t\t\t\t<\/div>\r\n\t\t\t\t\t\t\t\t\t\t<!-- BREADCRUMB ROW -->  \r\n\t\t\t\t\t<div>\r\n\t\t\t\t\t\t<ul class=\"wt-breadcrumb breadcrumb-style-2\">\r\n\t\t\t\t\t\t\t\t\t\t\t\t\t\t<li><a href=\"https:\/\/dhb-electric.com\/fr\/\">Accueil<\/a><\/li>\r\n\t\t\t\t\t\t\t\t\t\t\t\t\t\t\t\t\t\t\t\t\t<li>Contactez-nous<\/li>\r\n\t\t\t\t\t\t\t\t\t\t\t\t\t<\/ul>\r\n\t\t\t\t\t<\/div>\r\n\t\t\t\t\t<!-- BREADCRUMB ROW END -->\r\n\t\t\t\t<\/div>\r\n\t\t\t<\/div>\r\n\t\t<\/div>\r\n\r\n\t\t\t\t\t<\/div>\n\t\t\t\t<\/div>\n\t\t\t\t\t<\/div>\n\t\t<\/div>\n\t\t\t\t\t<\/div>\n\t\t<\/section>\n\t\t\t\t<section class=\"elementor-section elementor-top-section elementor-element elementor-element-fb55a27 elementor-section-full_width elementor-section-height-default elementor-section-height-default\" data-id=\"fb55a27\" data-element_type=\"section\" data-e-type=\"section\">\n\t\t\t\t\t\t<div class=\"elementor-container elementor-column-gap-no\">\n\t\t\t\t\t<div class=\"elementor-column elementor-col-100 elementor-top-column elementor-element elementor-element-8540ed7\" data-id=\"8540ed7\" data-element_type=\"column\" data-e-type=\"column\">\n\t\t\t<div class=\"elementor-widget-wrap elementor-element-populated\">\n\t\t\t\t\t\t<div class=\"elementor-element elementor-element-1e0850c elementor-align-left elementor-widget elementor-widget-page-contact\" data-id=\"1e0850c\" data-element_type=\"widget\" data-e-type=\"widget\" data-widget_type=\"page-contact.default\">\n\t\t\t\t<div class=\"elementor-widget-container\">\n\t\t\t\t\t\r\n\t\t<!-- CONTACT FORM -->\r\n\t\t<div class=\"section-full  p-t120 p-b120\">   \r\n\t\t\t<div class=\"section-content\">\r\n\t\t\t\t<div class=\"container\">\r\n\t\t\t\t\t<div class=\"contact-one\">\r\n\t\t\t\t\t\t<!-- CONTACT FORM-->\r\n\t\t\t\t\t\t<div class=\"row no-gutters d-flex justify-content-center flex-wrap align-items-center\">\r\n\r\n\t\t\t\t\t\t\t<div class=\"col-lg-7 col-md-12\">\r\n\t\t\t\t\t\t\t\t\t\t\t\t\t\t\t\t<div class=\"contact-form-outer site-bg-gray\">\r\n\t\t\t\t\t\t\t\t\t\n<div class=\"wpcf7 no-js\" id=\"wpcf7-f224-o1\" lang=\"en-US\" dir=\"ltr\" data-wpcf7-id=\"224\">\n<div class=\"screen-reader-response\"><p role=\"status\" aria-live=\"polite\" aria-atomic=\"true\"><\/p> <ul><\/ul><\/div>\n<form action=\"\/fr\/wp-json\/wp\/v2\/pages\/187#wpcf7-f224-o1\" method=\"post\" class=\"wpcf7-form init\" aria-label=\"Contact form\" novalidate=\"novalidate\" data-status=\"init\" data-trp-original-action=\"\/fr\/wp-json\/wp\/v2\/pages\/187#wpcf7-f224-o1\">\n<fieldset class=\"hidden-fields-container\"><input type=\"hidden\" name=\"_wpcf7\" value=\"224\" \/><input type=\"hidden\" name=\"_wpcf7_version\" value=\"6.1.5\" \/><input type=\"hidden\" name=\"_wpcf7_locale\" value=\"en_US\" \/><input type=\"hidden\" name=\"_wpcf7_unit_tag\" value=\"wpcf7-f224-o1\" \/><input type=\"hidden\" name=\"_wpcf7_container_post\" value=\"0\" \/><input type=\"hidden\" name=\"_wpcf7_posted_data_hash\" value=\"\" \/>\n<\/fieldset>\n<div class=\"cons-contact-form\">\n\t<div class=\"section-head left wt-small-separator-outer\">\n\t\t<h3 class=\"wt-title m-b30\">Formulaire de contact\n\t\t<\/h3>\n\t\t<p>N\u2019h\u00e9sitez pas \u00e0 nous contacter \u00e0 tout moment. Nous vous r\u00e9pondrons dans les plus brefs d\u00e9lais.\n\t\t<\/p>\n\t<\/div>\n\t<div class=\"row\">\n\t\t<div class=\"col-lg-12 col-md-12\">\n\t\t\t<div class=\"form-group\">\n\t\t\t\t<p><span class=\"wpcf7-form-control-wrap\" data-name=\"your-name\"><input size=\"40\" maxlength=\"400\" class=\"wpcf7-form-control wpcf7-text form-control\" aria-invalid=\"false\" placeholder=\"Nom\" value=\"\" type=\"text\" name=\"your-name\" \/><\/span>\n\t\t\t\t<\/p>\n\t\t\t<\/div>\n\t\t<\/div>\n\t\t<div class=\"col-lg-6 col-md-12\">\n\t\t\t<div class=\"form-group\">\n\t\t\t\t<p><span class=\"wpcf7-form-control-wrap\" data-name=\"your-email\"><input size=\"40\" maxlength=\"400\" class=\"wpcf7-form-control wpcf7-email wpcf7-validates-as-required wpcf7-text wpcf7-validates-as-email form-control\" aria-required=\"true\" aria-invalid=\"false\" placeholder=\"Email\" value=\"\" type=\"email\" name=\"your-email\" \/><\/span>\n\t\t\t\t<\/p>\n\t\t\t<\/div>\n\t\t<\/div>\n\t\t<div class=\"col-lg-6 col-md-12\">\n\t\t\t<div class=\"form-group\">\n\t\t\t\t<p><span class=\"wpcf7-form-control-wrap\" data-name=\"your-phone\"><input size=\"40\" maxlength=\"400\" class=\"wpcf7-form-control wpcf7-text form-control\" aria-invalid=\"false\" placeholder=\"T\u00e9l\u00e9phone\" value=\"\" type=\"text\" name=\"your-phone\" \/><\/span>\n\t\t\t\t<\/p>\n\t\t\t<\/div>\n\t\t<\/div>\n\t\t<div class=\"col-lg-12 col-md-12\">\n\t\t\t<div class=\"form-group\">\n\t\t\t\t<p><span class=\"wpcf7-form-control-wrap\" data-name=\"your-subject\"><input size=\"40\" maxlength=\"400\" class=\"wpcf7-form-control wpcf7-text form-control\" aria-invalid=\"false\" placeholder=\"Sujet\" value=\"\" type=\"text\" name=\"your-subject\" \/><\/span>\n\t\t\t\t<\/p>\n\t\t\t<\/div>\n\t\t<\/div>\n\t\t<div class=\"col-lg-12\">\n\t\t\t<div class=\"form-group\">\n\t\t\t\t<p><span class=\"wpcf7-form-control-wrap\" data-name=\"your-message\"><textarea cols=\"40\" rows=\"10\" maxlength=\"2000\" class=\"wpcf7-form-control wpcf7-textarea form-control\" aria-invalid=\"false\" placeholder=\"Message\" name=\"your-message\"><\/textarea><\/span>\n\t\t\t\t<\/p>\n\t\t\t<\/div>\n\t\t<\/div>\n\t\t<div class=\"col-md-12\">\n\t\t\t<p><input class=\"wpcf7-form-control wpcf7-submit has-spinner site-button sb-bdr-dark\" type=\"submit\" value=\"Envoyer maintenant\" \/>\n\t\t\t<\/p>\n\t\t<\/div>\n\t<\/div>\n<\/div><div class=\"wpcf7-response-output\" aria-hidden=\"true\"><\/div>\n<input type=\"hidden\" name=\"trp-form-language\" value=\"fr\"\/><\/form>\n<\/div>\n\t\t\t\t\t\t\t\t<\/div>\r\n\t\t\t\t\t\t\t\t\t\t\t\t\t\t\t<\/div> \r\n\r\n\t\t\t\t\t\t\t<div class=\"col-lg-5 col-md-12\">\r\n\t\t\t\t\t\t\t\t\t\t\t\t\t\t\t\t<div class=\"contact-info site-bg-black\" style=\"background-image: url(https:\/\/shthemes.net\/demosd\/indusza\/wp-content\/uploads\/2021\/04\/footer-map.png);\">\r\n\t\t\t\t\t\t\t\t\t\t\t\t\t\t\t\t\t\t\t\t\t\t\t\t\t<div class=\"section-head left wt-small-separator-outer when-bg-dark\">\r\n\t\t\t\t\t\t\t\t\t\t<h3 class=\"wt-title\">Infos<\/h3>\r\n\t\t\t\t\t\t\t\t\t<\/div>\r\n\t\t\t\t\t\t\t\t\t\r\n\t\t\t\t\t\t\t\t\t<div class=\"contact-info-section\">  \r\n\r\n\t\t\t\t\t\t\t\t\t\t\t\t\t\t\t\t\t\t\t\t<div class=\"c-info-column\">\r\n\t\t\t\t\t\t\t\t\t\t\t\t\t\t\t\t\t\t\t\t\t\t<span class=\"m-t0\">Adresse<\/span>\r\n\t\t\t\t\t\t\t\t\t\t\t\t\t\t\t\t\t\t\t\t\t\t\t\t\t\t\t\t\t\t\t\t\t<p>City Saada, El Oued ,  Algeria<\/p>\r\n\t\t\t\t\t\t\t\t\t\t\t\t\t\t\t\t\t\t\t\t\t<\/div>  \r\n\t\t\t\t\t\t\t\t\t\t\t\t\t\t\t\t\t\t\t\t<div class=\"c-info-column\">\r\n\t\t\t\t\t\t\t\t\t\t\t\t\t\t\t\t\t\t\t\t\t\t<span class=\"m-t0\">Num\u00e9ro de t\u00e9l\u00e9phone<\/span>\r\n\t\t\t\t\t\t\t\t\t\t\t\t\t\t\t\t\t\t\t\t\t\t\t\t\t\t\t\t\t\t\t\t\t<p>+213797873896 - +213798721283<\/p>\r\n\t\t\t\t\t\t\t\t\t\t\t\t\t\t\t\t\t\t\t\t\t<\/div>  \r\n\t\t\t\t\t\t\t\t\t\t\t\t\t\t\t\t\t\t\t\t<div class=\"c-info-column\">\r\n\t\t\t\t\t\t\t\t\t\t\t\t\t\t\t\t\t\t\t\t\t\t<span class=\"m-t0\">Adresse Email<\/span>\r\n\t\t\t\t\t\t\t\t\t\t\t\t\t\t\t\t\t\t\t\t\t\t\t\t\t\t\t\t\t\t\t\t\t<p>sarldhb01@gmail.com<\/p>\r\n\t\t\t\t\t\t\t\t\t\t\t\t\t\t\t\t\t\t\t\t\t<\/div>  \r\n\t\t\t\t\t\t\t\t\t\t\r\n\t\t\t\t\t\t\t\t\t<\/div>\r\n\t\t\t\t\t\t\t\t<\/div>\r\n\t\t\t\t\t\t\t<\/div>\r\n\r\n\t\t\t\t\t\t<\/div>\r\n\t\t\t\t\t<\/div>\r\n\r\n\t\t\t\t<\/div>\r\n\t\t\t<\/div>\r\n\t\t<\/div>\r\n\r\n\t\t<!-- GOOGLE MAP -->\r\n\t\t<div class=\"section-full\">\r\n\t\t\t<div class=\"container\">   \r\n\t\t\t\t<div class=\"gmap-outline p-b120\">\r\n\t\t\t\t\t\t\t\t\t\t<iframe src=\"https:\/\/www.google.com\/maps?q=33.345694,6.880194&amp;hl=ar&amp;z=15&amp;output=embed\" width=\"1110\" height=\"460\" frameborder=\"0\" style=\"border:0;\" allowfullscreen=\"\" aria-hidden=\"false\" tabindex=\"0\"><\/iframe>\r\n\t\t\t\t\t\t\t\t\t<\/div>\r\n\t\t\t<\/div>\r\n\t\t<\/div>      \r\n\r\n\t\t\t\t\t<\/div>\n\t\t\t\t<\/div>\n\t\t\t\t\t<\/div>\n\t\t<\/div>\n\t\t\t\t\t<\/div>\n\t\t<\/section>\n\t\t\t\t<\/div>","protected":false},"excerpt":{"rendered":"<p>Contact us Home Contact us Contact Form Feel Free to Contact us any time. we will get back to you as soon as we can&#8217;t Info Address info City Saada, El Oued , Algeria Phone number +213797873896 &#8211; +213798721283 Email address sarldhb01@gmail.com<\/p>","protected":false},"author":1,"featured_media":0,"parent":0,"menu_order":0,"comment_status":"closed","ping_status":"closed","template":"page-templates\/home.php","meta":{"footnotes":""},"class_list":["post-187","page","type-page","status-publish","hentry"],"_hostinger_reach_plugin_has_subscription_block":false,"_hostinger_reach_plugin_is_elementor":false,"_links":{"self":[{"href":"https:\/\/dhb-electric.com\/fr\/wp-json\/wp\/v2\/pages\/187","targetHints":{"allow":["GET"]}}],"collection":[{"href":"https:\/\/dhb-electric.com\/fr\/wp-json\/wp\/v2\/pages"}],"about":[{"href":"https:\/\/dhb-electric.com\/fr\/wp-json\/wp\/v2\/types\/page"}],"author":[{"embeddable":true,"href":"https:\/\/dhb-electric.com\/fr\/wp-json\/wp\/v2\/users\/1"}],"replies":[{"embeddable":true,"href":"https:\/\/dhb-electric.com\/fr\/wp-json\/wp\/v2\/comments?post=187"}],"version-history":[{"count":13,"href":"https:\/\/dhb-electric.com\/fr\/wp-json\/wp\/v2\/pages\/187\/revisions"}],"predecessor-version":[{"id":1162,"href":"https:\/\/dhb-electric.com\/fr\/wp-json\/wp\/v2\/pages\/187\/revisions\/1162"}],"wp:attachment":[{"href":"https:\/\/dhb-electric.com\/fr\/wp-json\/wp\/v2\/media?parent=187"}],"curies":[{"name":"wp","href":"https:\/\/api.w.org\/{rel}","templated":true}]}}