{"id":711,"date":"2026-03-17T10:22:47","date_gmt":"2026-03-17T10:22:47","guid":{"rendered":"https:\/\/dhb-electric.com\/?post_type=product&#038;p=711"},"modified":"2026-03-24T11:21:17","modified_gmt":"2026-03-24T11:21:17","slug":"boite-dencastrement","status":"publish","type":"product","link":"https:\/\/dhb-electric.com\/fr\/produit\/boite-dencastrement\/","title":{"rendered":"Boite d'Encastrement"},"content":{"rendered":"","protected":false},"excerpt":{"rendered":"<h4 data-start=\"74\" data-end=\"99\">Description G\u00e9n\u00e9rale:<\/h4>\n<p data-start=\"101\" data-end=\"426\">es bo\u00eetes d\u2019encastrement repr\u00e9sentent la solution id\u00e9ale et s\u00e9curis\u00e9e pour l\u2019installation des interrupteurs et des prises \u00e0 l\u2019int\u00e9rieur des murs (brique, b\u00e9ton ou pl\u00e2tre).\nGr\u00e2ce \u00e0 notre expertise en injection plastique de haute qualit\u00e9, nous proposons des bo\u00eetes offrant une rigidit\u00e9 exceptionnelle, capables de conserver leur forme m\u00eame sous la pression du ciment, garantissant ainsi une installation simple, rapide et pr\u00e9cise \u00e0 chaque utilisation.<\/p>\n<h4 data-start=\"428\" data-end=\"464\">Caract\u00e9ristiques des bo\u00eetes d\u2019encastrement<\/h4>\n<ul data-start=\"466\" data-end=\"1245\">\n<li data-section-id=\"xa6wxj\" data-start=\"466\" data-end=\"595\"><strong data-start=\"468\" data-end=\"496\">Plastique haute r\u00e9sistance :<\/strong><br data-start=\"496\" data-end=\"499\" \/>Fabriqu\u00e9es \u00e0 partir de mat\u00e9riaux robustes, r\u00e9sistants aux chocs et \u00e0 la chaleur, pour \u00e9viter toute d\u00e9formation ou casse lors des travaux.<\/li>\n<li data-section-id=\"1gbelpj\" data-start=\"597\" data-end=\"744\"><strong data-start=\"599\" data-end=\"626\">Entr\u00e9es multiples pour c\u00e2bles :<\/strong><br data-start=\"626\" data-end=\"629\" \/>Dot\u00e9es d\u2019ouvertures pr\u00e9-d\u00e9coup\u00e9es sur les c\u00f4t\u00e9s et \u00e0 l\u2019arri\u00e8re, avec diff\u00e9rents diam\u00e8tres pour s\u2019adapter \u00e0 tous types de gaines (orange ou grises).<\/li>\n<li data-section-id=\"1mq9ups\" data-start=\"746\" data-end=\"924\"><strong data-start=\"748\" data-end=\"780\">Fixation stable et s\u00e9curis\u00e9e :<\/strong><br data-start=\"780\" data-end=\"783\" \/>Con\u00e7ues avec des supports m\u00e9talliques internes assurant un maintien ferme des interrupteurs et prises, emp\u00eachant tout mouvement ou desserrage avec le temps.<\/li>\n<li data-section-id=\"13sdsio\" data-start=\"926\" data-end=\"1103\"><strong data-start=\"928\" data-end=\"953\">Interconnexion facile :<\/strong><br data-start=\"953\" data-end=\"956\" \/>Un design intelligent permettant d\u2019assembler plusieurs bo\u00eetes de mani\u00e8re parfaitement align\u00e9e, pour cr\u00e9er des configurations doubles ou triples (installations multi-postes).<\/li>\n<li data-section-id=\"shpc1x\" data-start=\"1105\" data-end=\"1245\"><strong data-start=\"1107\" data-end=\"1125\">Profondeur optimale :<\/strong><br data-start=\"1125\" data-end=\"1128\" \/>Disponibles en diff\u00e9rentes profondeurs soigneusement \u00e9tudi\u00e9es, offrant un espace suffisant pour un c\u00e2blage confortable derri\u00e8re l\u2019appareillage \u00e9lectrique.<\/li>\n<\/ul>","protected":false},"featured_media":705,"comment_status":"open","ping_status":"closed","template":"","meta":[],"product_brand":[],"product_cat":[50],"product_tag":[],"class_list":{"0":"post-711","1":"product","2":"type-product","3":"status-publish","4":"has-post-thumbnail","6":"product_cat-boite-dencastrement","8":"first","9":"instock","10":"shipping-taxable","11":"product-type-simple"},"_links":{"self":[{"href":"https:\/\/dhb-electric.com\/fr\/wp-json\/wp\/v2\/product\/711","targetHints":{"allow":["GET"]}}],"collection":[{"href":"https:\/\/dhb-electric.com\/fr\/wp-json\/wp\/v2\/product"}],"about":[{"href":"https:\/\/dhb-electric.com\/fr\/wp-json\/wp\/v2\/types\/product"}],"replies":[{"embeddable":true,"href":"https:\/\/dhb-electric.com\/fr\/wp-json\/wp\/v2\/comments?post=711"}],"wp:featuredmedia":[{"embeddable":true,"href":"https:\/\/dhb-electric.com\/fr\/wp-json\/wp\/v2\/media\/705"}],"wp:attachment":[{"href":"https:\/\/dhb-electric.com\/fr\/wp-json\/wp\/v2\/media?parent=711"}],"wp:term":[{"taxonomy":"product_brand","embeddable":true,"href":"https:\/\/dhb-electric.com\/fr\/wp-json\/wp\/v2\/product_brand?post=711"},{"taxonomy":"product_cat","embeddable":true,"href":"https:\/\/dhb-electric.com\/fr\/wp-json\/wp\/v2\/product_cat?post=711"},{"taxonomy":"product_tag","embeddable":true,"href":"https:\/\/dhb-electric.com\/fr\/wp-json\/wp\/v2\/product_tag?post=711"}],"curies":[{"name":"wp","href":"https:\/\/api.w.org\/{rel}","templated":true}]}}