{"id":731,"date":"2026-03-18T10:27:16","date_gmt":"2026-03-18T10:27:16","guid":{"rendered":"https:\/\/dhb-electric.com\/?post_type=product&#038;p=731"},"modified":"2026-03-24T11:24:09","modified_gmt":"2026-03-24T11:24:09","slug":"plaque-de-finition","status":"publish","type":"product","link":"https:\/\/dhb-electric.com\/fr\/produit\/plaque-de-finition\/","title":{"rendered":"Plaque de Finition"},"content":{"rendered":"","protected":false},"excerpt":{"rendered":"<h4 data-start=\"74\" data-end=\"99\">Description G\u00e9n\u00e9rale:<\/h4>\n<p data-start=\"100\" data-end=\"425\">Parce que chaque d\u00e9tail compte, DHB ELECTRIC propose une large gamme de plaques de finition alliant \u00e9l\u00e9gance moderne et robustesse.\nCon\u00e7ues pour s\u2019adapter parfaitement aux interrupteurs et prises, ces plaques apportent \u00e0 vos murs une finition propre, harmonieuse et haut de gamme, tout en garantissant une installation et un d\u00e9montage faciles.<\/p>\n<h4 data-start=\"427\" data-end=\"466\">Pourquoi choisir les plaques DHB ELECTRIC :<\/h4>\n<ul data-start=\"468\" data-end=\"1151\">\n<li data-section-id=\"kl4iwe\" data-start=\"468\" data-end=\"626\"><strong data-start=\"470\" data-end=\"505\">Injection plastique de haute qualit\u00e9 :<\/strong><br data-start=\"505\" data-end=\"508\" \/>Gr\u00e2ce \u00e0 notre ma\u00eetrise des techniques d\u2019injection, les plaques offrent une surface ultra-lisse, r\u00e9sistante aux micro-rayures.<\/li>\n<li data-section-id=\"1ub23n8\" data-start=\"628\" data-end=\"754\"><strong data-start=\"630\" data-end=\"650\">Stabilit\u00e9 des couleurs :<\/strong><br data-start=\"650\" data-end=\"653\" \/>Un traitement sp\u00e9cial anti-UV permet de pr\u00e9server l\u2019\u00e9clat des couleurs et d\u2019\u00e9viter le jaunissement avec le temps.<\/li>\n<li data-section-id=\"2u2mrn\" data-start=\"756\" data-end=\"901\"><strong data-start=\"758\" data-end=\"785\">Flexibilit\u00e9 et r\u00e9sistance :<\/strong><br data-start=\"785\" data-end=\"788\" \/>Fabriqu\u00e9es en ABS ou en polycarbonate, elles offrent une excellente flexibilit\u00e9 pour s\u2019adapter aux surfaces irr\u00e9guli\u00e8res sans se fissurer.<\/li>\n<li data-section-id=\"dfvjww\" data-start=\"903\" data-end=\"1034\"><strong data-start=\"905\" data-end=\"930\">Syst\u00e8me de clipsage rapide :<\/strong><br data-start=\"930\" data-end=\"933\" \/>Un design intelligent permettant une installation en un seul geste, r\u00e9duisant le temps et l\u2019effort pour les \u00e9lectriciens.<\/li>\n<li data-section-id=\"1nd1qds\" data-start=\"1036\" data-end=\"1151\"><strong data-start=\"1038\" data-end=\"1061\">Large choix de formats :<\/strong><br data-start=\"1061\" data-end=\"1064\" \/>Disponibles en plusieurs configurations (simple, double ou triple) pour r\u00e9pondre \u00e0 tous les besoins d\u2019installation.<\/li>\n<\/ul>","protected":false},"featured_media":733,"comment_status":"open","ping_status":"closed","template":"","meta":[],"product_brand":[],"product_cat":[52],"product_tag":[],"class_list":{"0":"post-731","1":"product","2":"type-product","3":"status-publish","4":"has-post-thumbnail","6":"product_cat-plaque-de-finition","8":"first","9":"instock","10":"shipping-taxable","11":"product-type-simple"},"_links":{"self":[{"href":"https:\/\/dhb-electric.com\/fr\/wp-json\/wp\/v2\/product\/731","targetHints":{"allow":["GET"]}}],"collection":[{"href":"https:\/\/dhb-electric.com\/fr\/wp-json\/wp\/v2\/product"}],"about":[{"href":"https:\/\/dhb-electric.com\/fr\/wp-json\/wp\/v2\/types\/product"}],"replies":[{"embeddable":true,"href":"https:\/\/dhb-electric.com\/fr\/wp-json\/wp\/v2\/comments?post=731"}],"wp:featuredmedia":[{"embeddable":true,"href":"https:\/\/dhb-electric.com\/fr\/wp-json\/wp\/v2\/media\/733"}],"wp:attachment":[{"href":"https:\/\/dhb-electric.com\/fr\/wp-json\/wp\/v2\/media?parent=731"}],"wp:term":[{"taxonomy":"product_brand","embeddable":true,"href":"https:\/\/dhb-electric.com\/fr\/wp-json\/wp\/v2\/product_brand?post=731"},{"taxonomy":"product_cat","embeddable":true,"href":"https:\/\/dhb-electric.com\/fr\/wp-json\/wp\/v2\/product_cat?post=731"},{"taxonomy":"product_tag","embeddable":true,"href":"https:\/\/dhb-electric.com\/fr\/wp-json\/wp\/v2\/product_tag?post=731"}],"curies":[{"name":"wp","href":"https:\/\/api.w.org\/{rel}","templated":true}]}}