{"id":769,"date":"2026-03-18T10:40:26","date_gmt":"2026-03-18T10:40:26","guid":{"rendered":"https:\/\/dhb-electric.com\/?post_type=product&#038;p=769"},"modified":"2026-03-24T11:26:00","modified_gmt":"2026-03-24T11:26:00","slug":"interrupteur","status":"publish","type":"product","link":"https:\/\/dhb-electric.com\/fr\/produit\/interrupteur\/","title":{"rendered":"Interrupteur"},"content":{"rendered":"","protected":false},"excerpt":{"rendered":"<h4 data-section-id=\"1qm1v6e\" data-start=\"90\" data-end=\"115\">Description G\u00e9n\u00e9rale<\/h4>\n<p data-start=\"116\" data-end=\"502\">L\u2019interrupteur DHB ELECTRIC allie design moderne et performance fiable.\nCon\u00e7u pour r\u00e9pondre aux exigences des environnements r\u00e9sidentiels, commerciaux et industriels, il met l\u2019accent sur la facilit\u00e9 d\u2019installation et une longue dur\u00e9e de vie.\nGr\u00e2ce \u00e0 des technologies avanc\u00e9es d\u2019injection plastique, il offre une excellente r\u00e9sistance aux rayures et \u00e0 la d\u00e9coloration, garantissant une qualit\u00e9 et une esth\u00e9tique durables.<\/p>\n<h4 data-section-id=\"rodupr\" data-start=\"504\" data-end=\"555\">Caract\u00e9ristiques techniques (Pourquoi les professionnels nous font confiance)<\/h4>\n<ul data-start=\"557\" data-end=\"1043\">\n<li data-section-id=\"1493t3y\" data-start=\"557\" data-end=\"587\"><strong data-start=\"559\" data-end=\"585\">Mat\u00e9riaux de haute qualit\u00e9<\/strong><\/li>\n<li data-section-id=\"1u9kl9h\" data-start=\"588\" data-end=\"737\"><strong data-start=\"590\" data-end=\"616\">Conductivit\u00e9 sup\u00e9rieure :<\/strong> Des contacts internes en cuivre et alliages d\u2019argent garantissent une conduction \u00e9lectrique stable et emp\u00eachent la formation d\u2019arcs.<\/li>\n<li data-section-id=\"q79tpc\" data-start=\"738\" data-end=\"815\"><strong data-start=\"740\" data-end=\"766\">Durabilit\u00e9 m\u00e9canique :<\/strong> Test\u00e9 pour r\u00e9sister \u00e0 plus de 40 000 cycles marche\/arr\u00eat, assurant une performance durable.<\/li>\n<li data-section-id=\"xxwyb7\" data-start=\"816\" data-end=\"917\"><strong data-start=\"818\" data-end=\"839\">Design ergonomique :<\/strong> Bords lisses et m\u00e9canisme de pression confortable pour une utilisation quotidienne sans effort.<\/li>\n<li data-section-id=\"261ljc\" data-start=\"918\" data-end=\"1043\"><strong data-start=\"920\" data-end=\"942\">Installation facile :<\/strong> \u00c9quip\u00e9 de vis de fixation solides et de bornes larges pour un c\u00e2blage rapide et pratique.<\/li>\n<\/ul>\n<h4 data-section-id=\"nucr17\" data-start=\"1045\" data-end=\"1073\">Caract\u00e9ristiques techniques<\/h4>\n<ul data-start=\"1075\" data-end=\"1123\">\n<li data-section-id=\"8hhej5\" data-start=\"1075\" data-end=\"1096\"><strong data-start=\"1077\" data-end=\"1089\">Voltage:<\/strong> 250V<\/li>\n<li data-section-id=\"80ukil\" data-start=\"1097\" data-end=\"1123\"><strong data-start=\"1099\" data-end=\"1117\">Courant nominal :<\/strong> 10A<\/li>\n<\/ul>","protected":false},"featured_media":770,"comment_status":"open","ping_status":"closed","template":"","meta":[],"product_brand":[],"product_cat":[54],"product_tag":[],"class_list":{"0":"post-769","1":"product","2":"type-product","3":"status-publish","4":"has-post-thumbnail","6":"product_cat-interrupteur","8":"first","9":"instock","10":"shipping-taxable","11":"product-type-simple"},"_links":{"self":[{"href":"https:\/\/dhb-electric.com\/fr\/wp-json\/wp\/v2\/product\/769","targetHints":{"allow":["GET"]}}],"collection":[{"href":"https:\/\/dhb-electric.com\/fr\/wp-json\/wp\/v2\/product"}],"about":[{"href":"https:\/\/dhb-electric.com\/fr\/wp-json\/wp\/v2\/types\/product"}],"replies":[{"embeddable":true,"href":"https:\/\/dhb-electric.com\/fr\/wp-json\/wp\/v2\/comments?post=769"}],"wp:featuredmedia":[{"embeddable":true,"href":"https:\/\/dhb-electric.com\/fr\/wp-json\/wp\/v2\/media\/770"}],"wp:attachment":[{"href":"https:\/\/dhb-electric.com\/fr\/wp-json\/wp\/v2\/media?parent=769"}],"wp:term":[{"taxonomy":"product_brand","embeddable":true,"href":"https:\/\/dhb-electric.com\/fr\/wp-json\/wp\/v2\/product_brand?post=769"},{"taxonomy":"product_cat","embeddable":true,"href":"https:\/\/dhb-electric.com\/fr\/wp-json\/wp\/v2\/product_cat?post=769"},{"taxonomy":"product_tag","embeddable":true,"href":"https:\/\/dhb-electric.com\/fr\/wp-json\/wp\/v2\/product_tag?post=769"}],"curies":[{"name":"wp","href":"https:\/\/api.w.org\/{rel}","templated":true}]}}